{"id":418,"date":"2015-01-25T17:53:26","date_gmt":"2015-01-25T16:53:26","guid":{"rendered":"http:\/\/simonutti.com\/en\/?page_id=418"},"modified":"2017-01-13T08:40:39","modified_gmt":"2017-01-13T07:40:39","slug":"trio","status":"publish","type":"page","link":"https:\/\/simonutti.com\/en\/trio\/","title":{"rendered":"Trio Simonutti"},"content":{"rendered":"<p>[vc_row][vc_column][vc_single_image image=&#8221;909&#8243; img_size=&#8221;full&#8221;][vc_column_text]<\/p>\n<p style=\"text-align: justify;\"><strong>\u201cThe concerts of the Trio Simonutti always fill each hall up to the last seat, be it Belgrade Kolarac Concert Hall or huge concert halls in China and Mongolia. One could wonder what this particular Simonutti phenomenon is all about. The answer is really simple: They are PHENOMENAL.\u201d (<em>Borba<\/em>)<\/strong><\/p>\n<p style=\"text-align: justify;\">The Trio Simonutti, was one of the most prominent Serbian chamber music ensembles between 1988 and 2009. It consisted of violinist Tripo Simonutti and his daughters, Ana, the pianist and Irena the violinist. This chamber music ensemble has realized more than two thousand concerts hosted by all the music centres in Serbia as well as in China, Mongolia, Austria, Bulgaria, Germany, Hungary, Montenegro, Croatia, Slovenia, Macedonia, Bosnia and Herzegovina&#8230;<\/p>\n<p style=\"text-align: justify;\">For more than two decades of its existence, the Trio has had hundreds of appearances in all the significant TV stations both domestic and foreign (Chinese, Mongolian, Bulgarian, Slovenian, Macedonian, Bosnian etc.).<\/p>\n<p style=\"text-align: justify;\">The Trio participated at important music festivals such as <em>BELEF<\/em>, <em>Golden Autumn <\/em>&nbsp;&#8211; Ulan Bator (Mongolia), <em>NOMUS<\/em> \u2013 Novi Sad, <em>Mokranjac Days <\/em>&#8211; Negotin, <em>Marble and Sounds <\/em>\u2013 Aran\u0111elovac, Festival of classical music &#8211; Vrnja\u010dka Banja, Budva \u201cTheatre City\u201d, Summer festival \u2013 Ulcinj etc.<\/p>\n<p style=\"text-align: justify;\">They recorded an LP, three CDs for PGP-RTS, the best known record company in ex-Yugoslavia, as well as a number of tapes and video tapes and CDs for Radio Belgrade.<\/p>\n<p style=\"text-align: justify;\">The Trio Simonutti was awarded the First Audience Award and the First prize of the Association of Mongolian composers at the international festival <em>The Golden Autumn<\/em> in 1998.<\/p>\n<p style=\"text-align: justify;\">The Trio has received numerous recognitions and prizes by Red Cross for their humanitarian work. They have become special ambassadors of classical music thanks to the great number of their humanitarian concerts as well as concerts dedicated to the spreading of classical music among the young audience.<\/p>\n<p style=\"text-align: justify;\">Trio Simonutti were well known performers of contemporary music as well. A number of composers, in fact, have dedicated some of their remarkable pieces to the members of this unique ensemble (Dejan Despi\u0107, Konstantin Babi\u0107, Nikola Hercigonja, Du\u0161an Radi\u0107, Zlatan Vauda, Borivoje Popovi\u0107, Rastislav Kambaskovi\u0107, Vojislav Kosti\u0107, Miroljub Aran\u0111elovi\u0107 Rasinski&#8230;)<\/p>\n<p>[\/vc_column_text][vc_single_image image=&#8221;908&#8243; img_size=&#8221;full&#8221;][vc_column_text]<\/p>\n<p style=\"text-align: right;\"><strong>The critiques (excerpts)<\/strong><\/p>\n<p style=\"text-align: justify;\">\u201c&#8230;The hall was filled up to the last seat and it seemed as though the ovation would never end. The applauses continued one after another. Trio Simonutti is made of superior artists who know how to please even the most refined taste when it comes to classical music&#8230;\u201c<\/p>\n<p style=\"text-align: right;\">Banja Luka <em>Glas<\/em><\/p>\n<p style=\"text-align: justify;\">\u201c&#8230;For the audience of BELEF Festival the encounter with the Trio Simonutti will remain a memorable experience, one of those brilliant moments that constantly fill the long-standing existence of this ensemble. The members of the Trio Simonutti are always ready and eager to transfer their joy of music onto the audience&#8230;.\u201c<\/p>\n<p style=\"text-align: right;\">Belgrade <em>RTS Dnevnik<\/em><\/p>\n<p style=\"text-align: justify;\">\u201c&#8230;The qualities like temperance, naturalness in scenic posture, coherence of dissimilar luxuriances, respect for the music they are performing and respect for the listeners \u2013 all came live during the concert. It is almost impossible to talk about individual qualities of each member of the Trio Simonutti as the fact is \u2013 they are one&#8230;\u201c<\/p>\n<p style=\"text-align: right;\"><em>Politika<\/em><\/p>\n<p style=\"text-align: justify;\">\u201c&#8230;When an audience begins taking their seats long before the beginning of a concert, when all the available seats are rapidly filled and the admirers sit on the stairs or remain standing, one does not have to be a connoisseur to realize that the artists in question are remarkable. Such an atmosphere could be witnessed at the Simonutti Trio concert in Belgrade&#8230;\u201d<\/p>\n<p style=\"text-align: right;\"><em>RTS Dnevnik<\/em><\/p>\n<p style=\"text-align: justify;\">\u201c&#8230;It is an extraordinary music event. It is a trio to remember. On this occasion too they presented themselves as three professionals among whom the youth and the experience complement each other in the best of ways&#8230;\u201c<\/p>\n<p style=\"text-align: right;\"><em>RTS1<\/em><\/p>\n<p style=\"text-align: justify;\">\u201c&#8230;During the concert at the Synagogue they captivate the audience with a unique warmth and sensibility of music playing \u2013 the Trio Simonutti, whose nobility of character and lyrical refinement have equivalents in their interpretation. Having transferred the most valuable qualities of a person and artist onto his daughters, Irena the violinist, and Ana the pianist, our renowned violinist Tripo Simonutti has created and cherished an ensemble of unique soul and breath, persistently, diligently and with dedication. By accentuating melodiousness, instrumental euphony, and intonative purity the Trio Simonutti colours all the programme with their special musicality&#8230;\u201c<\/p>\n<p style=\"text-align: right;\"><em>Dnevnik <\/em>Novi Sad<\/p>\n<p style=\"text-align: justify;\">\u201c&#8230;They play with an easiness and joy, with beauty of each performed tone, with enthusiasm and suggestiveness, with charm. They are synchronous up to the point of perfection. They breathe the same way, they think the same way, they develop phrase the same way, they feel the form and dynamic amplitudes the same way&#8230;\u201c<\/p>\n<p style=\"text-align: right;\"><em>Borba<\/em><\/p>\n<p>[\/vc_column_text][\/vc_column][\/vc_row]<\/p>\n","protected":false},"excerpt":{"rendered":"<p>[vc_row][vc_column][vc_single_image image=&#8221;909&#8243; img_size=&#8221;full&#8221;][vc_column_text] \u201cThe concerts of the Trio Simonutti always fill each hall up to the last seat, be it Belgrade Kolarac Concert Hall or huge concert halls in China and Mongolia. One could wonder&hellip; <a href=\"https:\/\/simonutti.com\/en\/trio\/\">More<\/a><\/p>\n","protected":false},"author":1,"featured_media":0,"parent":0,"menu_order":5,"comment_status":"closed","ping_status":"closed","template":"fullwidth.php","meta":{"ngg_post_thumbnail":0,"footnotes":""},"_links":{"self":[{"href":"https:\/\/simonutti.com\/en\/wp-json\/wp\/v2\/pages\/418"}],"collection":[{"href":"https:\/\/simonutti.com\/en\/wp-json\/wp\/v2\/pages"}],"about":[{"href":"https:\/\/simonutti.com\/en\/wp-json\/wp\/v2\/types\/page"}],"author":[{"embeddable":true,"href":"https:\/\/simonutti.com\/en\/wp-json\/wp\/v2\/users\/1"}],"replies":[{"embeddable":true,"href":"https:\/\/simonutti.com\/en\/wp-json\/wp\/v2\/comments?post=418"}],"version-history":[{"count":5,"href":"https:\/\/simonutti.com\/en\/wp-json\/wp\/v2\/pages\/418\/revisions"}],"predecessor-version":[{"id":974,"href":"https:\/\/simonutti.com\/en\/wp-json\/wp\/v2\/pages\/418\/revisions\/974"}],"wp:attachment":[{"href":"https:\/\/simonutti.com\/en\/wp-json\/wp\/v2\/media?parent=418"}],"curies":[{"name":"wp","href":"https:\/\/api.w.org\/{rel}","templated":true}]}}