{"id":391,"date":"2015-01-23T17:21:29","date_gmt":"2015-01-23T15:21:29","guid":{"rendered":"http:\/\/simonutti.com\/it\/ana\/"},"modified":"2018-10-15T21:31:57","modified_gmt":"2018-10-15T20:31:57","slug":"ana","status":"publish","type":"page","link":"https:\/\/simonutti.com\/it\/ana\/","title":{"rendered":"Ana Simonutti"},"content":{"rendered":"<p>[vc_row][vc_column width=&#8221;1\/2&#8243;][vc_column_text]<\/p>\n<p class=\"first\" style=\"text-align: justify;\">La pianista Ana Simonutti si \u00e8 esibita davanti al pubblico per la prima volta quando aveva sette anni, nella sala concerti \u201cKolarac\u201d di Belgrado. Sei anni pi\u00f9 tardi ha avuto luogo il suo debutto internazionale a Parigi, dove ha suonato, insieme al padre, il famoso violinista Tripo Simonutti, rappresentando Jugoslavia allo spettacolo musicale \u201cLa notte delle stelle\u201d, trasmesso in diretta dalla televisione francese. L\u2019anno successivo il concerto che ha tenuto insieme al padre nella citt\u00e0 di Oberhausen in Germania \u00e8 stato proclamato l\u2019evento musicale della stagione e Ana era descritta come \u201cWunderkind\u201d da parte della stampa tedesca.<\/p>\n<p style=\"text-align: justify;\">Si \u00e8 laureata e ha fatto gli studi di postlaurea presso la Facolt\u00e0 di musica di Belgrado, sotto la guida della professoressa Jokuthon Mihailovi\u0107 e anche specializzata in musica da camera con la professoressa Olivera \u0110ur\u0111evi\u0107.<\/p>\n<p style=\"text-align: justify;\">Durante oltre 30 anni della sua carriera professionale, Ana ha tenuto oltre duemila concerti, come solista, con il Trio insieme alla sorella e al padre o in duo insieme alla sorella o al padre.<\/p>\n<p style=\"text-align: justify;\">Come solista ha fatto numerose apparizioni pubbliche con celebri direttori d\u2019orchestra tra cui citiamo Ren Huijie (Cina), Namsraijav Butenbajar (Mongolia), Stanko Jovanovi\u0107, Vojislav Simi\u0107, Pavle Medakovi\u0107, Zoran Andri\u0107 e molti altri. L\u2019hanno accompagnata prestigiose orchestre tra le quali Orchestra della Radio Televisione della Serbia, l\u2019Orchestra dell\u2019Esercito serbo <em>Stanislav Bini\u010dki<\/em>, l\u2019orchestra<em> Guo Lian<\/em> di Pechino, Filarmonica Nazionale della Mongolia, l\u2019Orchestra da Camera di Ni\u0161 ecc.<\/p>\n<p style=\"text-align: justify;\">Si \u00e8 esibita in concerto non solo in Serbia ma anche in tutta la regione ex-jugoslava (Slovenia, Montenegro, Croazia, Bosnia ed Erzegovina, Macedonia), in Europa (Austria, Germania, Francia, Ungheria&#8230;) e in Cina e Mongolia.<\/p>\n<p>[\/vc_column_text][\/vc_column][vc_column width=&#8221;1\/2&#8243;][vc_single_image image=&#8221;541&#8243; img_size=&#8221;full&#8221;][\/vc_column][\/vc_row][vc_row][vc_column width=&#8221;1\/2&#8243;][vc_single_image image=&#8221;574&#8243; img_size=&#8221;full&#8221;][\/vc_column][vc_column width=&#8221;1\/2&#8243;][vc_column_text]<\/p>\n<p style=\"text-align: justify;\">Descrivendo le sue interpretazioni i critici hanno notato che Ana Simonutti \u201csuona in un modo assolutamente unico, catturando i pi\u00f9 innafferrabili raggi lunari \u2013 in modo effimero, eterico, privo di peso e simile alla schiuma\u201d, \u201ccon una nobilt\u00e0 ed eleganza\u201d (Borba)&nbsp; \u201cin maniera magistrale\u201d (Dan) \u201coffrendoci una nuova visione di Liszt e Chopin, tutta a pastello\u201d (Borba).<\/p>\n<p style=\"text-align: justify;\">Ana vanta anche numerose apparizioni nelle televisioni sia domestiche che straniere. Ha pubblicato tre CD per la PGP-RTS, la pi\u00f9 nota editrice musicale della ex Jugoslavia, due LP (per la Jugodisk) cinque cassette audio e parecchi dischi per&nbsp; Radio Belgrado.<\/p>\n<p style=\"text-align: justify;\">\u00c8 stata spesso ospite dei festival pi\u00f9 significativi come <em>BELEF<\/em>, <em>Autunno d\u2019oro<\/em> &#8211; Ulan Bator (Mongolia), <em>NOMUS<\/em> (Novi Sad), <em>Le Giornate di<\/em> <em>Mokranjac <\/em>(Negotin),&nbsp; <em>Marmo e suoni <\/em>(Aran\u0111elovac) Il Festival di musica classica (Vrnja\u010dka Banja), \u201cLa citt\u00e0 teatro\u201d (Budua, Montenegro), Il Festival delle Mimose (Castelnuovo), Il Festival d\u2019estate Dulcigno ecc.<\/p>\n<p style=\"text-align: justify;\">Come solista e anche come membro del Trio Simonutti Ana ha ricevuto il primo premio del pubblico e il primo premio dell\u2019Associazione dei compositori della Mongolia al festival internazionale <em>Autunno d\u2019oro <\/em>nel 1998. Nel 2001 le \u00e8 stata assegnata anche <em>La spilla d\u2019oro<\/em> per il contributo artistico allo sviluppo della cultura da parte dell\u2019Associazione culturale-educativa di Serbia.<\/p>\n<p style=\"text-align: justify;\">La Croce Rossa ha premiato pi\u00f9 volte Ana Simonutti per il grande contributo in campo umanitario. La Simonutti, inoltre, ha tenuto molti concerti umanitari e centinaia di concerti mirati alla diffusione della musica classica presso il pubblico giovane.<\/p>\n<p style=\"text-align: justify;\">Dal 1994 \u00e8 il membro dell\u2019Associazione Musicisti Serbi. Dal 1993 Ana Simonutti si \u00e8 dedicata anche al lavoro pedagogico nella Scuola di musica \u201c<em>Mokranjac\u201d <\/em>di Belgrado.<\/p>\n<p>[\/vc_column_text][\/vc_column][\/vc_row]<\/p>\n","protected":false},"excerpt":{"rendered":"<p>[vc_row][vc_column width=&#8221;1\/2&#8243;][vc_column_text] La pianista Ana Simonutti si \u00e8 esibita davanti al pubblico per la prima volta quando aveva sette anni, nella sala concerti \u201cKolarac\u201d di Belgrado. Sei anni pi\u00f9 tardi ha avuto luogo il suo&hellip; <a href=\"https:\/\/simonutti.com\/it\/ana\/\">More<\/a><\/p>\n","protected":false},"author":1,"featured_media":0,"parent":0,"menu_order":1,"comment_status":"closed","ping_status":"closed","template":"","meta":{"ngg_post_thumbnail":0,"footnotes":""},"_links":{"self":[{"href":"https:\/\/simonutti.com\/it\/wp-json\/wp\/v2\/pages\/391"}],"collection":[{"href":"https:\/\/simonutti.com\/it\/wp-json\/wp\/v2\/pages"}],"about":[{"href":"https:\/\/simonutti.com\/it\/wp-json\/wp\/v2\/types\/page"}],"author":[{"embeddable":true,"href":"https:\/\/simonutti.com\/it\/wp-json\/wp\/v2\/users\/1"}],"replies":[{"embeddable":true,"href":"https:\/\/simonutti.com\/it\/wp-json\/wp\/v2\/comments?post=391"}],"version-history":[{"count":6,"href":"https:\/\/simonutti.com\/it\/wp-json\/wp\/v2\/pages\/391\/revisions"}],"predecessor-version":[{"id":1200,"href":"https:\/\/simonutti.com\/it\/wp-json\/wp\/v2\/pages\/391\/revisions\/1200"}],"wp:attachment":[{"href":"https:\/\/simonutti.com\/it\/wp-json\/wp\/v2\/media?parent=391"}],"curies":[{"name":"wp","href":"https:\/\/api.w.org\/{rel}","templated":true}]}}