{"id":407,"date":"2015-01-23T17:14:04","date_gmt":"2015-01-23T15:14:04","guid":{"rendered":"http:\/\/simonutti.com\/it\/?page_id=407"},"modified":"2017-01-11T21:21:45","modified_gmt":"2017-01-11T20:21:45","slug":"irena","status":"publish","type":"page","link":"https:\/\/simonutti.com\/it\/irena\/","title":{"rendered":"Irena Simonutti"},"content":{"rendered":"<p>[vc_row][vc_column width=&#8221;1\/2&#8243;][vc_single_image image=&#8221;548&#8243; img_size=&#8221;full&#8221;][\/vc_column][vc_column width=&#8221;1\/2&#8243;][vc_column_text]<\/p>\n<p class=\"first\" style=\"text-align: justify;\">Irena Simonutti, nata in una famiglia dei musicisti, ha iniziato a suonare il violino quando aveva cinque anni. All\u2019et\u00e0 di tredici ha cominciato la sua carriera professionale, insieme al padre Tripo, violinista e alla sorella Anna, pianista nel complesso da camera \u201cTrio Simonutti\u201d,&nbsp; che \u00e8 stato per pi\u00f9 di vent\u2019anni uno degli <em>ensembles <\/em>musicali pi\u00f9 famosi e rinomati del Paese. A quindici anni Irena ha pubblicato il suo primo LP e ed in seguito ancora tre CD, per la casa discografica pi\u00f9 nota in ex-Jugoslavia, la PGP-RTS, in cui Irena suonava sola o con il Trio, accompagnata dall\u2019Orchestra della Radio Televisione della Serbia. Non vanno dimenticate neanche le numerose cassette sia audio che video, nonch\u00e9 vari dischi realizzati per&nbsp; Radio Belgrado. A soli sedici anni Irena si \u00e8 iscritta alla Facolt\u00e0 di Musica di Belgrado, dove si \u00e8 laureata in violino e ha conseguito anche il titolo di <em>Magister <\/em>sotto la guida del professor Dejan Mihailovi\u0107. Si \u00e8 inoltre specializzata in musica da camera nella classe della professoressa Olivera \u0110ur\u0111evi\u0107.<\/p>\n<p style=\"text-align: justify;\">I critici di musica classica hanno definito il suo modo di suonare \u201cespressivo e appassionato, dinamicamente ricco di <em>nuances<\/em>\u201d (<em>Ekspres politika<\/em>) nonch\u00e9 \u201cdistinto ed elegante\u201d (<em>Borba<\/em>) \u201criconoscibile per la sua abilit\u00e0 tecnica e la spiccata musicalit\u00e0\u201d (<em>Radio Televisione della Serbia<\/em>).<\/p>\n<p style=\"text-align: justify;\">Irena si \u00e8 esibita finora in oltre duemila concerti, sia come membro del \u201cTrio Simonutti\u201d, sia in duo con la sorella Ana o come solista accompagnata da molte rinomate orchestre, tra le quali l\u2019Orchestra della Radio Televisione della Serbia, l\u2019Orchestra dell\u2019Esercito serbo <em>Stanislav Bini\u010dki<\/em>, l\u2019orchestra<em> Guo Lian<\/em> di Pechino, la Filarmonica Nazionale della Mongolia, l\u2019Orchestra da Camera di Ni\u0161 ecc. collaborando con alcuni famosi direttori d\u2019orchestra come Ren Huijie (Cina), Namsraijav Butenbajar (Mongolia), Stanko Jovanovi\u0107, Vojislav Simi\u0107, Pavle Medakovi\u0107, Zoran Andri\u0107 e molti altri. Ha tenuto concerti per il pubblico di tutto il mondo dal Montenegro alla Croazia, Bosnia ed Erzegovina, Bulgaria, Slovenia, Macedonia, Austria, Germania, Ungheria, fino alla Mongolia e alla Cina.<\/p>\n<p>[\/vc_column_text][\/vc_column][\/vc_row][vc_row][vc_column width=&#8221;1\/2&#8243;][vc_column_text]<\/p>\n<p style=\"text-align: justify;\">Irena ha partecipato a numerosi festival&nbsp; musicali tra i quali <em>BELEF<\/em>, <em>Autunno d\u2019oro <\/em>&nbsp;&#8211; Ulan Bator (Mongolia), <em>NOMUS<\/em> (Novi Sad), <em>Le Giornate di<\/em> <em>Mokranjac <\/em>(Negotin), <em>Marmo e suoni <\/em>(Aran\u0111elovac), Il Festival di musica classica (Vrnja\u010dka Banja), \u201c<em>La Citt\u00e0 teatro<\/em>\u201d (Budua, Montenegro), Il Festival d\u2019estate Dulcigno ecc.<\/p>\n<p style=\"text-align: justify;\">Ha fatto centinaia di apparizioni nelle televisioni del Paese e all\u2019estero.<\/p>\n<p style=\"text-align: justify;\">Come solista e anche come membro del Trio Simonutti ha ricevuto il primo premio del pubblico e il primo premio dell\u2019Associazione dei compositori della Mongolia al festival internazionale, <em>Autunno d\u2019oro <\/em>nel 1998. Nel 2001 le \u00e8 stata assegnata anche <em>La spilla d\u2019oro<\/em> per il contributo artistico allo sviluppo della cultura da parte dell\u2019Associazione &nbsp;culturale-educativa di Serbia.<\/p>\n<p style=\"text-align: justify;\">Per il suo impegno instancabile nel campo del lavoro umanitario, Irena ha ottenuto anche vari riconoscimenti e premi dalla Croce Rossa. Ha tenuto numerosi concerti umanitari ed altrettanti dedicati alla diffusione della musica classica tra i giovani.<\/p>\n<p style=\"text-align: justify;\">Dal 1994 \u00e8 il membro dell\u2019Associazione Musicisti Serbi.<\/p>\n<p style=\"text-align: justify;\">Dal 1996 si occupa con successo anche del lavoro pedagogico in qualit\u00e0 di professoressa di Scuola di musica \u201cJosip Slavenski\u201d di Belgrado.<\/p>\n<p>[\/vc_column_text][\/vc_column][vc_column width=&#8221;1\/2&#8243;][vc_single_image image=&#8221;573&#8243; img_size=&#8221;full&#8221;][\/vc_column][\/vc_row]<\/p>\n","protected":false},"excerpt":{"rendered":"<p>[vc_row][vc_column width=&#8221;1\/2&#8243;][vc_single_image image=&#8221;548&#8243; img_size=&#8221;full&#8221;][\/vc_column][vc_column width=&#8221;1\/2&#8243;][vc_column_text] Irena Simonutti, nata in una famiglia dei musicisti, ha iniziato a suonare il violino quando aveva cinque anni. All\u2019et\u00e0 di tredici ha cominciato la sua carriera professionale, insieme al padre&hellip; <a href=\"https:\/\/simonutti.com\/it\/irena\/\">More<\/a><\/p>\n","protected":false},"author":1,"featured_media":0,"parent":0,"menu_order":1,"comment_status":"closed","ping_status":"closed","template":"","meta":{"ngg_post_thumbnail":0,"footnotes":""},"_links":{"self":[{"href":"https:\/\/simonutti.com\/it\/wp-json\/wp\/v2\/pages\/407"}],"collection":[{"href":"https:\/\/simonutti.com\/it\/wp-json\/wp\/v2\/pages"}],"about":[{"href":"https:\/\/simonutti.com\/it\/wp-json\/wp\/v2\/types\/page"}],"author":[{"embeddable":true,"href":"https:\/\/simonutti.com\/it\/wp-json\/wp\/v2\/users\/1"}],"replies":[{"embeddable":true,"href":"https:\/\/simonutti.com\/it\/wp-json\/wp\/v2\/comments?post=407"}],"version-history":[{"count":4,"href":"https:\/\/simonutti.com\/it\/wp-json\/wp\/v2\/pages\/407\/revisions"}],"predecessor-version":[{"id":952,"href":"https:\/\/simonutti.com\/it\/wp-json\/wp\/v2\/pages\/407\/revisions\/952"}],"wp:attachment":[{"href":"https:\/\/simonutti.com\/it\/wp-json\/wp\/v2\/media?parent=407"}],"curies":[{"name":"wp","href":"https:\/\/api.w.org\/{rel}","templated":true}]}}