{"id":420,"date":"2015-01-25T17:53:26","date_gmt":"2015-01-25T16:53:26","guid":{"rendered":"http:\/\/simonutti.com\/it\/?page_id=420"},"modified":"2017-01-12T15:46:24","modified_gmt":"2017-01-12T14:46:24","slug":"trio","status":"publish","type":"page","link":"https:\/\/simonutti.com\/it\/trio\/","title":{"rendered":"Trio Simonutti"},"content":{"rendered":"<p>[vc_row][vc_column][vc_single_image image=&#8221;909&#8243; img_size=&#8221;full&#8221;][vc_column_text]<\/p>\n<p style=\"text-align: justify;\"><strong>\u201cI concerti del Trio Simonutti riempiono la sala fino all\u2019ultimo posto, sempre e dovunque, si tratti della famosa sala <em>Kolarac<\/em> di Belgrado o le enormi sale in Cina o Mongolia. Ci si potrebbe domandare in che cosa consista quello speciale fenomeno Simonutti. La risposta \u00e8 del tutto semplice: loro sono FENOMENALI!\u201c (<em>Borba<\/em>)<\/strong><\/p>\n<p style=\"text-align: justify;\">Il trio Simonutti era uno dei complessi da camera serbi pi\u00f9 conosciuti, attivo dal 1988 al 2009 e composto da Tripo Simonutti (violino) e dalle due figlie, Ana (pianoforte) e Irena (violino). Il trio ha eseguito pi\u00f9 di duemila concerti sia in Serbia che all\u2019estero, in Cina, Mongolia, Austria, Bulgaria, Germania, Ungheria, Montenegro, Slovenia, Croazia, Macedonia, Bosnia ed Erzegovina&nbsp; ecc.<\/p>\n<p style=\"text-align: justify;\">Durante pi\u00f9 di due decenni di attivit\u00e0 il Trio Simonutti ha avuto centinaia di apparizioni in tutte le stazioni televisive in patria, ma anche alla televisione cinese, mongola, bulgara, slovena, macedone, bosniaca ecc.<\/p>\n<p style=\"text-align: justify;\">Il Trio Simonutti ha partecipato a molti festival musicali:<em> BELEF <\/em>(Belgrado),&nbsp; <em>Autunno d\u2019oro<\/em> (Ulan Bator, Mongolia 1998, <em>NOMUS<\/em> (Novi Sad), <em>Le giornate di Mokranjac<\/em> (Negotin), Marmo e suoni (Aran\u0111elovac), <em>La citt\u00e0 teatro<\/em> (Budva), Festa della Mimosa (Castelnuovo, Montenegro)&#8230;<\/p>\n<p style=\"text-align: justify;\">Il Trio Simonutti ha pubblicato tre CD per la rinomata casa discografica serba PGP &#8211; RTS, un LP, diverse cassette audio e video e parecchi dischi per Radio Belgrado.<\/p>\n<p style=\"text-align: justify;\">Al festival <em>Autunno d&#8217;oro<\/em> organizzato a Ulan Bator, Mongolia, nel 1998, il Trio ha ottenuto il primo premio del pubblico e il primo premio dell\u2019 Associazione dei compositori della Mongolia.<\/p>\n<p style=\"text-align: justify;\">Il Trio Simonutti ha ricevuto vari riconoscimenti e premi assegnatigli&nbsp; dalla&nbsp; Croce Rossa per i meriti acquisiti in campo umanitario. Vero ambasciatore della musica classica, il Trio ha dato centinaia di concerti umanitari ed altrettanti dedicati alla diffusione della musica classica tra i giovani.<\/p>\n<p style=\"text-align: justify;\">Il Trio Simonutti era attivo anche nel campo della musica moderna. Un gran numero di compositori ha scritto e dedicato alcune loro opere ai membri del trio. Ne citiamo solo alcuni: Dejan Despi\u0107, Konstantin Babi\u0107, Nikola Hercigonja, Du\u0161an Radi\u0107, Zlatan Vauda, Borivoje Popovi\u0107, Rastislav Kambaskovi\u0107, Vojislav Kosti\u0107, Miroljub Aran\u0111elovi\u0107 Rasinski e altri.<\/p>\n<p>[\/vc_column_text][vc_single_image image=&#8221;908&#8243; img_size=&#8221;full&#8221;][vc_column_text]<\/p>\n<p style=\"text-align: right;\"><strong>Dalle critiche<\/strong><\/p>\n<p style=\"text-align: justify;\">\u201c&#8230;La sala concerti era piena fino all\u2019ultimo posto. L\u2019entusiasmo del pubblico sembrava inesauribile nel susseguirsi degli applausi. Il trio Simonutti \u00e8 composto da artisti eccellenti in grado di appagare anche i pi\u00f9 raffinati intenditori di musica classica&#8230;\u201d<\/p>\n<p style=\"text-align: right;\">Banja Luka <em>Glas<\/em><\/p>\n<p style=\"text-align: justify;\">\u201c&#8230;Per il pubblico del festival BELEF l\u2019incontro con i membri del Trio Simonutti rimarr\u00e0 un\u2019esperienza indimenticabile, uno dei momenti brillanti che, del resto, costellano la pluriennale esistenza di questo complesso. I membri del Trio Simonutti sono sempre pronti e capaci di comunicare al pubblico la gioia del fare musica&#8230;\u201d<\/p>\n<p style=\"text-align: right;\">Belgrado, <em>RTS Dnevnik<\/em><\/p>\n<p style=\"text-align: justify;\">\u201c&#8230;Durante il concerto sono state espresse a pieno le qualit\u00e0 del Trio: temperanza, naturalezza della postura scenica, coerenza delle differenti esuberanze, rispetto per la musica che interpretano e per l\u2019ascoltatore&#8230; Sembra quasi impossibile parlare delle qualit\u00e0 individuali di ogni membro del Trio Simonutti dato che loro sono un organismo unico&#8230;\u201d<\/p>\n<p style=\"text-align: right;\"><em>Politika<\/em><\/p>\n<p style=\"text-align: justify;\">\u201c&#8230;Quando il pubblico comincia a occupare i posti molto prima dell\u2019inizio del concerto, quando tutti i posti disponibili vengono presi in un batter d\u2019occhio e gli ammiratori che continuano ad affluire, rimangono in piedi per pi\u00f9 di un\u2019ora o si mettono sugli scalini, anche a chi non se ne intende risulta chiaro che stiamo assistendo a uno spettacolo di artisti fuori dal comune. Un\u2019atmosfera del genere si poteva creare solo ad un concerto del Trio Simonutti a Belgrado&#8230;\u201d<\/p>\n<p style=\"text-align: right;\">RTS Dnevnik<\/p>\n<p style=\"text-align: justify;\">\u201c&#8230;Si tratta di un evento musicale fuori dal comune.&nbsp; Sono un trio davvero indimenticabile e anche in questa occasione si sono presentati nelle vesti di tre professionisti nei quali giovinezza ed esperienza si completano nel migliore dei modi&#8230;\u201d<\/p>\n<p style=\"text-align: right;\">RTS 1<\/p>\n<p style=\"text-align: justify;\">\u201c&#8230;Durante la loro interpretazione nella Sinagoga di Novi Sad, i Simonutti hanno conquistato il pubblico grazie al loro unico calore umano ed alla sensibilit\u00e0 musicale. La nobilt\u00e0 del carattere e la raffinatezza lirica sono le loro caratteristiche che si manifestano anche nella loro interpretazione della musica classica. La violinista Irena e la pianista Ana hanno ereditato la preziosa qualit\u00e0&nbsp; dell\u2019arte di fare musica dal padre Tripo Simonutti, che si \u00e8 dedicato a creare un ensemble capace di suonare come se fosse un\u2019anima sola. Dando rilievo alla cantabilit\u00e0, all\u2019eufonia strumentale e alla purezza intonativa, il Trio Simonutti ha colorato il proprio programma di una musicalit\u00e0 del tutto unica&#8230;\u201d<\/p>\n<p style=\"text-align: right;\"><em>Dnevnik <\/em>Novi Sad<\/p>\n<p style=\"text-align: justify;\">\u201c&#8230;Loro suonano leggeri, con gioia, tingendo di bellezza ogni tono eseguito, con uno slancio, una suggestivit\u00e0, un fascino particolare. Sono sincronizzati fino alla perfezione. Respirano come uno, pensano come uno, sviluppano le frasi come uno, sentono la forma&nbsp; delle ampiezze dinamiche come un\u2019anima sola&#8230;\u201d<\/p>\n<p style=\"text-align: right;\"><em>Borba<\/em><\/p>\n<p>[\/vc_column_text][\/vc_column][\/vc_row]<\/p>\n","protected":false},"excerpt":{"rendered":"<p>[vc_row][vc_column][vc_single_image image=&#8221;909&#8243; img_size=&#8221;full&#8221;][vc_column_text] \u201cI concerti del Trio Simonutti riempiono la sala fino all\u2019ultimo posto, sempre e dovunque, si tratti della famosa sala Kolarac di Belgrado o le enormi sale in Cina o Mongolia. Ci si&hellip; <a href=\"https:\/\/simonutti.com\/it\/trio\/\">More<\/a><\/p>\n","protected":false},"author":1,"featured_media":0,"parent":0,"menu_order":5,"comment_status":"closed","ping_status":"closed","template":"fullwidth.php","meta":{"ngg_post_thumbnail":0,"footnotes":""},"_links":{"self":[{"href":"https:\/\/simonutti.com\/it\/wp-json\/wp\/v2\/pages\/420"}],"collection":[{"href":"https:\/\/simonutti.com\/it\/wp-json\/wp\/v2\/pages"}],"about":[{"href":"https:\/\/simonutti.com\/it\/wp-json\/wp\/v2\/types\/page"}],"author":[{"embeddable":true,"href":"https:\/\/simonutti.com\/it\/wp-json\/wp\/v2\/users\/1"}],"replies":[{"embeddable":true,"href":"https:\/\/simonutti.com\/it\/wp-json\/wp\/v2\/comments?post=420"}],"version-history":[{"count":7,"href":"https:\/\/simonutti.com\/it\/wp-json\/wp\/v2\/pages\/420\/revisions"}],"predecessor-version":[{"id":963,"href":"https:\/\/simonutti.com\/it\/wp-json\/wp\/v2\/pages\/420\/revisions\/963"}],"wp:attachment":[{"href":"https:\/\/simonutti.com\/it\/wp-json\/wp\/v2\/media?parent=420"}],"curies":[{"name":"wp","href":"https:\/\/api.w.org\/{rel}","templated":true}]}}