{"id":428,"date":"2015-01-25T17:57:58","date_gmt":"2015-01-25T15:57:58","guid":{"rendered":"http:\/\/simonutti.com\/it\/?page_id=428"},"modified":"2018-10-16T14:26:46","modified_gmt":"2018-10-16T13:26:46","slug":"tripo","status":"publish","type":"page","link":"https:\/\/simonutti.com\/it\/tripo\/","title":{"rendered":"Tripo Simonutti"},"content":{"rendered":"<p>[vc_row][vc_column width=&#8221;1\/2&#8243;][vc_column_text]<\/p>\n<p class=\"first\" style=\"text-align: justify;\">Tripo Simonutti, il famoso violinista serbo e jugoslavo nato a Cattaro, si \u00e8 laureato in violino presso l\u2019Accademia musicale di Belgrado; ha ultimato gli studi&nbsp; postlaurea a Praga con il professor Alexander Plocek; ha tenuto concerti in molte citt\u00e0 della ex Jugoslavia e, inoltre, in una quarantina di altri paesi&nbsp; fra cui: Austria, Olanda, Repubblica Ceca, Danimarca, Ungheria, Kuwait, Romania, Italia, Siria, Bulgaria, Libano, Egitto, Iran, Polonia, Giordania, Iraq, Lituania, Estonia, Lettonia, Germania, Francia, Belgio, Russia, Cina, Mongolia, ecc.<\/p>\n<p style=\"text-align: justify;\">Ha preso parte a vari festival internazionali e domestici.&nbsp; Ha suonato come solista con varie orchestre: Filarmonica di Greiz (Germania), Filarmonica statale di Rostok (Germania), Orchestra Guo Lian Pechino (Cina), Filarmonica statale di Mongolia, Orchestra sinfonica della Radio Televisione della Serbia, Orchestra sinfonica della TV di Podgorica, Orchestra \u201cStanislav Bini\u010dki\u201d, complesso da camera \u201cPro musica\u201d, \u201cComplesso da camera di Belgrado\u201d.&nbsp; \u00c8 stato accompagnato anche dalle orchestre filarmoniche di Belgrado, Skopje e di Ni\u0161 e dal Complesso da camera di Ni\u0161 ecc. Ha collaborato con tutti i centri radiotelevisivi nel paese e anche con la televisione sovietica, francese, bulgara, croata, slovena, macedone, cinese, mongola, montenegrina ecc.<\/p>\n<p style=\"text-align: justify;\">Con 23 dischi pubblicati Tripo tiene il primato per il numero di dischi realizzati da un solo artista della musica classica in ex-Jugoslavia. Inoltre ha pubblicato tre CD per la casa discografica PGP RTS e una decina di cassette audio e video, anche alcuni dischi per Radio Belgrado. Dalla sua biografia, nel 1975 \u00e8 stato tratto il film \u00bbIl ragazzo col violino\u00ab, l\u2019unico film biografico nostrano che tratti della vita di un artista della musica classica che ha ottenuto molti riconoscimenti e premi da noi e all\u2019estero.<\/p>\n<p style=\"text-align: justify;\">Nell\u2019anno 1988 ha fondato insieme alle figlie Ana (pianoforte) e Irena (violino) il famoso Trio Simonutti che per oltre vent\u2019anni \u00e8 stato riconosciuto uno dei complessi da camera pi\u00f9 rilevanti e prestigiosi del paese e della regione ex-jugoslava.<\/p>\n<div><span id=\"m_-7356899565750729255gmail-cch_f3714742a71a3ec\" class=\"m_-7356899565750729255gmail-_mh6 m_-7356899565750729255gmail-_wsc\"><span class=\"m_-7356899565750729255gmail-_3oh- m_-7356899565750729255gmail-_58nk\">Nel corso della sua attivit\u00e0 il trio si \u00e8 esibito in oltre duemila concerti sia in Serbia che all&#8217;estero.<\/span><\/span><\/div>\n<div>&nbsp;<\/div>\n<p>[\/vc_column_text][\/vc_column][vc_column width=&#8221;1\/2&#8243;][vc_single_image image=&#8221;903&#8243; img_size=&#8221;full&#8221;][\/vc_column][\/vc_row][vc_row][vc_column width=&#8221;1\/2&#8243;][vc_single_image image=&#8221;902&#8243; img_size=&#8221;full&#8221;][\/vc_column][vc_column width=&#8221;1\/2&#8243;][vc_column_text]<\/p>\n<p style=\"text-align: justify;\">Ha ottenuto vari premi fra cui menzioniamo la Medaglia alla carriera: Ghirlanda d&#8217;argento, assegnatagli dal presidente della Repubblica Socialista Federale di Jugoslavia (1975) \u201cper i meriti e i successi conseguiti nel lavoro signficativo per il progresso del Paese\u201d,&nbsp; Il Premio del 13 Luglio (1971) \u201cper altissimo conseguimento artistico sul campo della musica riproduttiva\u201d, il Premio di Vuk&nbsp; Karad\u017ei\u0107 (1988) per \u201ceccezionale contributo allo sviluppo culturale\u201d. Come membro del Trio Simonutti e anche come solista Tripo ha ricevuto il primo premio del pubblico e il primo premio dell\u2019Associazione dei compositori della Mongolia al festival internazionale <em>Autunno d\u2019oro <\/em>nel 1998.<\/p>\n<p style=\"text-align: justify;\">Per il suo contributo allo sviluppo della cultura, \u00e8 stato premiato dall\u2019Associazione culturale-educativa di Serbia con \u201cLa spilla d\u2019oro\u201d. Nel 2008 Tripo Simonutti ha ricevuto il riconoscimento della Repubblica di Serbia per l\u2019immenso contributo alla cultura nazionale. La sua carriera pluridecennale \u00e8 stata coronata nel 2015 dal Premio alla carriera assegnatogli dalla Associazione dei musicisti della Serbia.<\/p>\n<p style=\"text-align: justify;\"><strong>Dalle critiche<\/strong><\/p>\n<p style=\"text-align: justify;\">\u201c&#8230;In questo tempo di fretta e inquietudine solo un\u2019arte grande e grandi artisti sono in grado di costruire un ponte verso il mondo della fantasia, il mondo di un sognare idillico in cui possiamo riposare, guarire, dove confermiamo a noi stessi che vale la pena di essere nati e di camminare sotto il sole e le stelle. Il miracoloso rasserenarsi grazie alla bellezza della musica \u00e8 quello che il pubblico ha provato durante il concerto dello straordinario artista Tripo Simonutti&#8230;\u201d<\/p>\n<p style=\"text-align: justify;\">\u201c&#8230;Sarebbe difficile, sebbene a prima vista possa sembrare alquanto strano, parlare di \u201cinterpretazione\u201d di Tripo Simonutti, secondo il significato comune della parola \u201cinterpretazione\u201d come \u201cspiegazione\u201d. Eppure qui si tratta di una riproduzione che diventa creativit\u00e0, del vigoroso sorgere delle polarit\u00e0 tonali che in un istante ci ricorda la vivace presenza della fantasia appena formatasi e quasi indomabile&#8230;\u201d<\/p>\n<p style=\"text-align: justify;\">\u201c&#8230;Straordinariamente musicale ed emozionale, dal tono nobile, stilisticamente autentico e preciso dal punto di vista della tecnica&#8230;\u201d<\/p>\n<p style=\"text-align: justify;\">\u201c&#8230;\u00c8 lui a richiamare il pubblico ai concerti, poich\u00e8 affronta con la stessa sensibilit\u00e0 sia la riflessivit\u00e0 barocca, sia la sensitivit\u00e0&nbsp; romantica, che i pezzi musicali novecenteschi dai nuovi effetti sonori. Le sue interpretazioni portano sempre il suo timbro personale&#8230;\u201d<\/p>\n<p>[\/vc_column_text][\/vc_column][\/vc_row]<\/p>\n","protected":false},"excerpt":{"rendered":"<p>[vc_row][vc_column width=&#8221;1\/2&#8243;][vc_column_text] Tripo Simonutti, il famoso violinista serbo e jugoslavo nato a Cattaro, si \u00e8 laureato in violino presso l\u2019Accademia musicale di Belgrado; ha ultimato gli studi&nbsp; postlaurea a Praga con il professor Alexander Plocek;&hellip; <a href=\"https:\/\/simonutti.com\/it\/tripo\/\">More<\/a><\/p>\n","protected":false},"author":1,"featured_media":0,"parent":0,"menu_order":6,"comment_status":"closed","ping_status":"closed","template":"","meta":{"ngg_post_thumbnail":0,"footnotes":""},"_links":{"self":[{"href":"https:\/\/simonutti.com\/it\/wp-json\/wp\/v2\/pages\/428"}],"collection":[{"href":"https:\/\/simonutti.com\/it\/wp-json\/wp\/v2\/pages"}],"about":[{"href":"https:\/\/simonutti.com\/it\/wp-json\/wp\/v2\/types\/page"}],"author":[{"embeddable":true,"href":"https:\/\/simonutti.com\/it\/wp-json\/wp\/v2\/users\/1"}],"replies":[{"embeddable":true,"href":"https:\/\/simonutti.com\/it\/wp-json\/wp\/v2\/comments?post=428"}],"version-history":[{"count":6,"href":"https:\/\/simonutti.com\/it\/wp-json\/wp\/v2\/pages\/428\/revisions"}],"predecessor-version":[{"id":1203,"href":"https:\/\/simonutti.com\/it\/wp-json\/wp\/v2\/pages\/428\/revisions\/1203"}],"wp:attachment":[{"href":"https:\/\/simonutti.com\/it\/wp-json\/wp\/v2\/media?parent=428"}],"curies":[{"name":"wp","href":"https:\/\/api.w.org\/{rel}","templated":true}]}}